{"id":91,"date":"2023-07-20T10:59:06","date_gmt":"2023-07-20T14:59:06","guid":{"rendered":"https:\/\/juliotorresoto.com\/?page_id=91"},"modified":"2023-07-24T21:48:27","modified_gmt":"2023-07-25T01:48:27","slug":"contactenos","status":"publish","type":"page","link":"https:\/\/juliotorresoto.com\/?page_id=91","title":{"rendered":"Cont\u00e1ctenos"},"content":{"rendered":"\n<figure class=\"wp-block-image size-full\"><img decoding=\"async\" width=\"140\" height=\"203\" src=\"http:\/\/juliotorresoto.com\/wp-content\/uploads\/2023\/07\/juliotorresoto2.jpg\" alt=\"\" class=\"wp-image-19\"\/><\/figure>\n\n\n\n<p><strong>Correo Electr\u00f3nico (Email):<\/strong><br>jutorresoto@gmail.com<\/p>\n\n\n\n<p><strong>Direcci\u00f3n Postal:<\/strong><br>Julio Torresoto<br>7448 NW 17th. Dr. Hollywood, Fl. 33024-1002<\/p>\n\n\n\n<p><strong>Tel\u00e9fonos:<\/strong><br>Celular (786) 422-2442 <\/p>\n","protected":false},"excerpt":{"rendered":"<p>Correo Electr\u00f3nico (Email):jutorresoto@gmail.com Direcci\u00f3n Postal:Julio Torresoto7448 NW 17th. Dr. Hollywood, Fl. 33024-1002 Tel\u00e9fonos:Celular (786) 422-2442<\/p>\n","protected":false},"author":1,"featured_media":0,"parent":0,"menu_order":0,"comment_status":"closed","ping_status":"closed","template":"","meta":{"footnotes":""},"class_list":["post-91","page","type-page","status-publish","hentry"],"_links":{"self":[{"href":"https:\/\/juliotorresoto.com\/index.php?rest_route=\/wp\/v2\/pages\/91","targetHints":{"allow":["GET"]}}],"collection":[{"href":"https:\/\/juliotorresoto.com\/index.php?rest_route=\/wp\/v2\/pages"}],"about":[{"href":"https:\/\/juliotorresoto.com\/index.php?rest_route=\/wp\/v2\/types\/page"}],"author":[{"embeddable":true,"href":"https:\/\/juliotorresoto.com\/index.php?rest_route=\/wp\/v2\/users\/1"}],"replies":[{"embeddable":true,"href":"https:\/\/juliotorresoto.com\/index.php?rest_route=%2Fwp%2Fv2%2Fcomments&post=91"}],"version-history":[{"count":3,"href":"https:\/\/juliotorresoto.com\/index.php?rest_route=\/wp\/v2\/pages\/91\/revisions"}],"predecessor-version":[{"id":256,"href":"https:\/\/juliotorresoto.com\/index.php?rest_route=\/wp\/v2\/pages\/91\/revisions\/256"}],"wp:attachment":[{"href":"https:\/\/juliotorresoto.com\/index.php?rest_route=%2Fwp%2Fv2%2Fmedia&parent=91"}],"curies":[{"name":"wp","href":"https:\/\/api.w.org\/{rel}","templated":true}]}}