{"id":15,"date":"2023-07-19T03:56:34","date_gmt":"2023-07-19T02:56:34","guid":{"rendered":"https:\/\/juliotorresoto.com\/?page_id=15"},"modified":"2023-07-19T15:47:41","modified_gmt":"2023-07-19T14:47:41","slug":"biografia","status":"publish","type":"page","link":"https:\/\/juliotorresoto.com\/?page_id=15","title":{"rendered":"Biograf\u00eda"},"content":{"rendered":"\n<p>Julio Torresoto<\/p>\n\n\n\n<p>Esta biograf\u00eda forma parte de los archivos de la Fundaci\u00f3n Nacional para la Cultura Popular. En nuestro inter\u00e9s por difundir el conocimiento sobre nuestras grandes figuras, la misma puede ser citada como base de investigaci\u00f3n de estudios o como asignaci\u00f3n de fines pedag\u00f3gicos, siempre y cuando se le d\u00e9 cr\u00e9dito a la Fundaci\u00f3n y a su autor, si el mismo ha sido indicado. Todos los derechos est\u00e1n reservados. No se autoriza la reproducci\u00f3n de la misma en medio impreso t\u00e9cnico o de difusi\u00f3n masiva alguno, con o sin fines comerciales, sin la previa solicitud por escrito a la Fundaci\u00f3n y su consecuente aprobaci\u00f3n.<\/p>\n\n\n\n<p>Actor y Productor<br>Fecha de nacimiento: 14 de septiembre de 1934<br>Lugar: Guayanilla, Puerto Rico<\/p>\n\n\n\n<p>El actor y declamador Julio Torresoto inici\u00f3 su carrera en la d\u00e9cada de 1950 antes de completar su educaci\u00f3n superior. Cumpl\u00eda entonces apenas 15 a\u00f1os cuando se dio su primera incursi\u00f3n en las tablas en la obra \u201cLa dama duende\u201d; producci\u00f3n estudiantil que respondi\u00f3 a la iniciativa del Departamento de Drama de la Universidad de Puerto Rico, la cual reclutaba estudiantes que quer\u00edan iniciar una carrera en teatro.<\/p>\n\n\n\n<p>De la mano de \u201cLa dama duende\u201d surgi\u00f3 entonces una oferta para trabajar en radio, la cual Torresoto aprovech\u00f3 de inmediato. Ya, a los 17 a\u00f1os, ocupa el puesto de locutor oficial de WKAQ Radio El Mundo. Posteriormente gana el primer premio como productor de radio otorgado por la Corporaci\u00f3n para la Difusi\u00f3n P\u00fablica en Washington, con el programa \u201cQu\u00e9 tal, amigos\u201d, originado en Amherst, Massachusetts en competencia contra 500 producciones realizadas en todo los Estados Unidos.<\/p>\n\n\n\n<p>De regreso a las tablas, en 1952 se dio la oportunidad de debutar en el teatro profesional con la controvertible obra \u201cPalm Sunday\u201d, que el dramaturgo puertorrique\u00f1o Ren\u00e9 Marqu\u00e9s escribi\u00f3 en ingl\u00e9s, y en la que Torresoto encarn\u00f3 el personaje del alcalde.<\/p>\n\n\n\n<p>A ra\u00edz de su entrada al teatro profesional, el derrotero de Julio Torresoto se defini\u00f3 por completo por el \u00e1rea del arte histri\u00f3nico. Si bien actu\u00f3 en innumerables piezas teatrales, tanto en Puerto Rico como en el extranjero, su labor en la actuaci\u00f3n tambi\u00e9n lo encamin\u00f3 al cine. De esta forma form\u00f3 parte del elenco de la cinta \u201cTres vidas en el recuerdo\u201d, considerada como uno de los primeros largometrajes de corte comercial que se hizo en el Pa\u00eds. Posteriormente trabaj\u00f3 en \u201cEl gallo pel\u00f3n\u201d, producci\u00f3n de la Divisi\u00f3n de la Comunidad que protagoniz\u00f3 Jos\u00e9 Miguel Agrelot, as\u00ed como labor\u00f3 en uno de los filmes del tambi\u00e9n comediante Adalberto Rodr\u00edguez, \u201cMachuchal\u201d.<\/p>\n\n\n\n<p>En una etapa posterior Julio Torresoto hizo una magistral caracterizaci\u00f3n del personaje \u201cCarlos\u201d en la pel\u00edcula \u201cAtrapados\u201d, dirigida por Mathew Patrick y que protagoniz\u00f3 junto a su esposa, la venezolana Sonia Vivas (\u201cAlba\u201d). Era \u00e9sta la historia de una pareja que quedaba atrapada en un apartamento luego de un terremoto.<\/p>\n\n\n\n<p>Con \u201cAtrapados\u201d, Julio Torresoto gan\u00f3 en 1980 Medalla de Plata en el Festival Internacional de Houston, Texas, por su labor como actor y guionista. Igualmente el artista boricua recibi\u00f3 Menci\u00f3n de Honor por el dibujo animado \u201cRegresar\u00e9\u201d en el Festival Internacional de Chicago.<\/p>\n\n\n\n<p>A su regreso a Puerto Rico, se incorpora al movimiento teatral actuando en obras como \u201cEquus\u201d, \u201cRosita la Soltera\u201d, \u201cAsomante\u201d, \u201cLa enemiga\u201d, \u201cLa charca\u201d, \u201cLa quema de Judas\u201d, \u201cGolpes a mi puerta\u201d, \u201cEl lazarillo de Tormes\u201d, \u201cLa celestina\u201d y \u201cLocura de amor\u201d, entre otras. Del mismo modo, en el campo televisivo de la d\u00e9cada de 1980 actu\u00f3 en telenovelas como \u201cLaura Guzm\u00e1n, culpable\u201d; \u201cCoralito\u201d, \u201cMillie\u201d, \u201cDe qu\u00e9 color es el amor\u201d y \u201cTanair\u00ed\u201d.<\/p>\n\n\n\n<p>En otra faceta de su arte, el artista se dedic\u00f3 a difundir la poes\u00eda de Luis Pal\u00e9s Matos a quien considera el poeta puertorrique\u00f1o m\u00e1s conocido en el extranjero. Ante ello, realiz\u00f3 el recital \u201cTen con ten\u201d el cual present\u00f3 en Puerto Rico as\u00ed como en suelo azteca. Consisti\u00f3 \u00e9ste de un espect\u00e1culo po\u00e9tico sobre la vida y obra del inolvidable poeta en el que convergen el uso de la poes\u00eda, la m\u00fasica y el elemento audiovisual a trav\u00e9s de un documental.<\/p>\n\n\n\n<p>Fiel a su inter\u00e9s de difundir la poes\u00eda cultivada en suelo nacional, a finales de 2006 el actor abord\u00f3 la obra de Luis Pal\u00e9s Matos junto a la de Jose Antonio D\u00e1vila y la present\u00f3 en una producci\u00f3n discogr\u00e1fica titulada \u201cPoes\u00eda er\u00f3tica\u201d. En dicha grabaci\u00f3n en la que participa como invitada la propia hija de Pal\u00e9s, Ana Mercedes, y que cuenta con el acompa\u00f1amiento musical de Kacho Montalvo, Torresoto aborda el aspecto rom\u00e1ntico de la obra de ambos poetas por considerarlo esencial en el desarrollo de sus respectivos legados.<\/p>\n\n\n\n<p>\u201cDecid\u00ed envolverme en este trabajo porque el tema er\u00f3tico es el que, posiblemente, m\u00e1s inspira a los poetas en el mundo. Sin embargo, es una poes\u00eda bastante dif\u00edcil de decir. De hecho, se utiliza como t\u00e9cnica para entrenar a actores y locutores, pues es muy rica en matices y el arte de proyectar los sentimientos que requiere cada historia radica, precisamente, en saber matizar\u201d, expres\u00f3 el actor al resaltar poemas como \u201cEl llamado\u201d, \u201cLa b\u00fasqueda asesina\u201d, \u201cLa hora propicia\u201d, \u201cLas voces secretas\u201d, \u201cPuerta al tiemo en tres voces\u201d, \u201cAl pasar\u201d, \u201cD\u00edpiticos\u201d, \u201cComo otra dimensi\u00f3n\u201d, \u201cKismet\u201d, \u201cLa dama de la alcoba\u201d, \u201cMedall\u00f3n para un sentir\u201d, \u201cPara Blanca de Cavalcanti\u201d, \u201cPubertad\u201d, \u201cResiduos\u201d, \u201cSantuario\u201d y \u201cYerba Mora\u201d.<\/p>\n\n\n\n<p>M\u00e1s all\u00e1 de la su labor como declamador, cabe destacar que entre sus principales trabajos cinematogr\u00e1ficos se encuentran su aparici\u00f3n en la cinta \u201cManhattan Merengue\u201d (1995) y en recientes producciones realizadas para emitirse a trav\u00e9s de la televisi\u00f3n. Igualmente en 2007 intervino en \u201cEl Cimarr\u00f3n\u201d \u2013 dirigida por Iv\u00e1n Dariel Ortiz &#8211; y en \u201cLadrones y mentirosos\u201d, de Ricardo M\u00e9ndez Matta y Poli Marichal.<\/p>\n\n\n\n<p>Miguel L\u00f3pez Ortiz<br>Fundaci\u00f3n Nacional para la Cultura Popular<br>Revisi\u00f3n 9-julio-07<\/p>\n","protected":false},"excerpt":{"rendered":"<p>Julio Torresoto Esta biograf\u00eda forma parte de los archivos de la Fundaci\u00f3n Nacional para la Cultura Popular. En nuestro inter\u00e9s por difundir el conocimiento sobre nuestras grandes figuras, la misma puede ser citada como base de investigaci\u00f3n de estudios o como asignaci\u00f3n de fines pedag\u00f3gicos, siempre y cuando se le d\u00e9 cr\u00e9dito a la Fundaci\u00f3n &hellip; <a href=\"https:\/\/juliotorresoto.com\/?page_id=15\" class=\"more-link\">Continue reading <span class=\"screen-reader-text\">Biograf\u00eda<\/span> <span class=\"meta-nav\">&rarr;<\/span><\/a><\/p>\n","protected":false},"author":1,"featured_media":20,"parent":0,"menu_order":0,"comment_status":"closed","ping_status":"closed","template":"","meta":{"footnotes":""},"class_list":["post-15","page","type-page","status-publish","has-post-thumbnail","hentry"],"_links":{"self":[{"href":"https:\/\/juliotorresoto.com\/index.php?rest_route=\/wp\/v2\/pages\/15","targetHints":{"allow":["GET"]}}],"collection":[{"href":"https:\/\/juliotorresoto.com\/index.php?rest_route=\/wp\/v2\/pages"}],"about":[{"href":"https:\/\/juliotorresoto.com\/index.php?rest_route=\/wp\/v2\/types\/page"}],"author":[{"embeddable":true,"href":"https:\/\/juliotorresoto.com\/index.php?rest_route=\/wp\/v2\/users\/1"}],"replies":[{"embeddable":true,"href":"https:\/\/juliotorresoto.com\/index.php?rest_route=%2Fwp%2Fv2%2Fcomments&post=15"}],"version-history":[{"count":1,"href":"https:\/\/juliotorresoto.com\/index.php?rest_route=\/wp\/v2\/pages\/15\/revisions"}],"predecessor-version":[{"id":16,"href":"https:\/\/juliotorresoto.com\/index.php?rest_route=\/wp\/v2\/pages\/15\/revisions\/16"}],"wp:featuredmedia":[{"embeddable":true,"href":"https:\/\/juliotorresoto.com\/index.php?rest_route=\/wp\/v2\/media\/20"}],"wp:attachment":[{"href":"https:\/\/juliotorresoto.com\/index.php?rest_route=%2Fwp%2Fv2%2Fmedia&parent=15"}],"curies":[{"name":"wp","href":"https:\/\/api.w.org\/{rel}","templated":true}]}}