{"id":110,"date":"2023-07-20T16:14:45","date_gmt":"2023-07-20T20:14:45","guid":{"rendered":"https:\/\/juliotorresoto.com\/?page_id=110"},"modified":"2023-07-24T21:53:03","modified_gmt":"2023-07-25T01:53:03","slug":"curriculum-vitae","status":"publish","type":"page","link":"https:\/\/juliotorresoto.com\/?page_id=110","title":{"rendered":"Curriculum Vitae"},"content":{"rendered":"\n<p><strong>CURRICULUM VITAE<\/strong><\/p>\n\n\n\n<p>Nombre:&nbsp;&nbsp;&nbsp;&nbsp;&nbsp;&nbsp;&nbsp;&nbsp;&nbsp;&nbsp;&nbsp;&nbsp;&nbsp;&nbsp;&nbsp;&nbsp;&nbsp;&nbsp;&nbsp;&nbsp;&nbsp;&nbsp;&nbsp;&nbsp;&nbsp;Julio Torresoto<br>&nbsp;&nbsp;&nbsp;&nbsp;&nbsp;&nbsp;&nbsp;&nbsp;&nbsp;&nbsp;&nbsp;&nbsp;&nbsp;&nbsp;&nbsp;&nbsp;&nbsp;&nbsp;&nbsp;&nbsp;&nbsp;&nbsp;&nbsp;&nbsp;&nbsp;&nbsp;&nbsp;&nbsp;&nbsp;&nbsp;&nbsp;&nbsp;&nbsp;&nbsp;&nbsp;&nbsp;&nbsp;&nbsp;&nbsp;&nbsp;&nbsp;&nbsp;          Actor y Locutor<br>&nbsp;&nbsp;&nbsp;&nbsp;&nbsp;&nbsp;&nbsp;&nbsp;&nbsp;&nbsp;&nbsp;&nbsp;&nbsp;&nbsp;&nbsp;&nbsp;&nbsp;&nbsp;&nbsp;&nbsp;&nbsp;&nbsp;&nbsp;&nbsp;&nbsp;&nbsp;&nbsp;&nbsp;&nbsp;&nbsp;&nbsp;&nbsp;&nbsp;&nbsp;&nbsp;&nbsp;&nbsp;&nbsp;&nbsp;&nbsp;&nbsp;&nbsp;          ProdPuctor y guionista<br>&nbsp;&nbsp;&nbsp;&nbsp;&nbsp;&nbsp;&nbsp;&nbsp;&nbsp;&nbsp;&nbsp;&nbsp;&nbsp;&nbsp;&nbsp;&nbsp;&nbsp;&nbsp;&nbsp;&nbsp;&nbsp;&nbsp;&nbsp;&nbsp;&nbsp;&nbsp;&nbsp;&nbsp;&nbsp;&nbsp;&nbsp;&nbsp;&nbsp;&nbsp;&nbsp;&nbsp;&nbsp;&nbsp;&nbsp;&nbsp;&nbsp;&nbsp;     Profesor de multimedios<\/p>\n\n\n\n<p>Direcci\u00f3n Postal: \u00a0\u00a0\u00a0\u00a0\u00a0\u00a0\u00a0\u00a0 \u00a0\u00a0\u00a0\u00a0\u00a0\u00a0\u00a0\u00a0\u00a0\u00a0\u00a0\u00a0\u00a0\u00a0\u00a0\u00a0\u00a0\u00a0\u00a0\u00a0\u00a0\u00a0\u00a0\u00a0\u00a0\u00a0\u00a0\u00a0   Tel\u00e9fonos:<br>7448 NW 17th Dr \u00a0\u00a0\u00a0\u00a0\u00a0\u00a0\u00a0\u00a0\u00a0\u00a0\u00a0\u00a0\u00a0\u00a0\u00a0\u00a0\u00a0\u00a0\u00a0\u00a0\u00a0\u00a0\u00a0\u00a0 \u00a0\u00a0\u00a0\u00a0\u00a0\u00a0\u00a0\u00a0\u00a0\u00a0\u00a0\u00a0\u00a0      (786) 422-2442<br>Hollywood, Fl.33024-1002\u00a0<\/p>\n\n\n\n<p>       Correo electr\u00f3nico:&nbsp; &nbsp;&nbsp;&nbsp; <a href=\"mailto:jutorresoto@gmail.com\">jutorresoto@gmail.com<\/a><\/p>\n\n\n\n<p>PREMIOS:<\/p>\n\n\n\n<p>1970&nbsp; &nbsp;&nbsp;&nbsp;&nbsp;&nbsp; Mejor programa de Servicio P\u00fablico en Estados Unidos:<br>&nbsp;&nbsp;&nbsp;&nbsp;&nbsp;&nbsp;&nbsp; &nbsp;&nbsp;&nbsp;&nbsp;&nbsp;&nbsp;&nbsp;&nbsp;  Que tal, amigos.&nbsp; Corporation for Public Broadcasting,<br>&nbsp;&nbsp;&nbsp;&nbsp;&nbsp;&nbsp;&nbsp;&nbsp; &nbsp;&nbsp;&nbsp;&nbsp;&nbsp;&nbsp;&nbsp;&nbsp; Washington, DC<\/p>\n\n\n\n<p>1981&nbsp; &nbsp;&nbsp;&nbsp;&nbsp;&nbsp; Regres\u00e9.&nbsp; Dibujo animado.&nbsp;&nbsp;<br>&nbsp;&nbsp;&nbsp;&nbsp;&nbsp;&nbsp;&nbsp;&nbsp; &nbsp;&nbsp;&nbsp;&nbsp;&nbsp;&nbsp;&nbsp;&nbsp; Festival Internacional de Chicago.<br>&nbsp;&nbsp;&nbsp;&nbsp;&nbsp;&nbsp;&nbsp;&nbsp; &nbsp;&nbsp;&nbsp;&nbsp;&nbsp;&nbsp;&nbsp;&nbsp; Atrapados (Trapped).&nbsp; Guionista y personaje principal.<\/p>\n\n\n\n<p>Medalla de Plata, Festival Internacional de Houston, Texas.<\/p>\n\n\n\n<p>EDUCACI\u00d3N:<br>1950&nbsp; &nbsp;&nbsp;&nbsp;&nbsp;&nbsp;&nbsp;&nbsp; Universidad de Puerto Rico.&nbsp; Departamento de Drama.<br>1960&nbsp; &nbsp;&nbsp;&nbsp;&nbsp;&nbsp;&nbsp;&nbsp; SRT \u2013 Nueva York<br>1975 &nbsp;&nbsp;&nbsp;&nbsp;&nbsp;&nbsp;&nbsp;&nbsp; Estudios Libres de Cine.&nbsp; MIT y Harvard \u2013 Boston,<br>Massachusetts.<br>Miembro de SAG.&nbsp; ID 00408225<\/p>\n\n\n\n<p>VIAJES:<br>&nbsp;&nbsp;&nbsp;&nbsp;&nbsp;&nbsp;&nbsp;&nbsp; El Caribe, Estados Unidos, Am\u00e9rica Latina y Europa.<\/p>\n\n\n\n<p>IDIOMAS:<br>&nbsp;&nbsp;&nbsp;&nbsp;&nbsp;&nbsp;&nbsp;&nbsp; Espa\u00f1ol neutral y otros acentos, Italiano, Ingl\u00e9s.<br>&nbsp;&nbsp;&nbsp;&nbsp;&nbsp;&nbsp;&nbsp;&nbsp; Estudios en: Portugu\u00e9s, japon\u00e9s, franc\u00e9s y ruso.<\/p>\n\n\n\n<p>Trabajos en diferentes medios:<br>&nbsp;&nbsp;&nbsp;&nbsp;&nbsp;&nbsp;&nbsp;&nbsp; &nbsp;&nbsp;&nbsp;&nbsp;&nbsp;&nbsp;&nbsp;&nbsp; Trabajos Recientes en TV:<br>\u2022&nbsp;&nbsp;&nbsp;&nbsp;&nbsp;&nbsp; Episodios de Decisiones \u2013 Telemundo PR Personajes de car\u00e1cter.<br>\u2022&nbsp;&nbsp;&nbsp;&nbsp;&nbsp;&nbsp; Novela &#8211; Infieles<br><br>&nbsp;Telenovelas:<br>&nbsp;&nbsp;&nbsp;&nbsp;&nbsp;&nbsp;&nbsp;&nbsp; &nbsp;&nbsp;&nbsp;&nbsp;&nbsp;&nbsp;&nbsp;&nbsp; &nbsp;&nbsp;&nbsp;&nbsp;&nbsp;&nbsp;&nbsp;&nbsp; &nbsp;&nbsp;&nbsp;&nbsp;&nbsp;&nbsp;&nbsp;&nbsp; Coralito<br>&nbsp;&nbsp;&nbsp;&nbsp;&nbsp;&nbsp;&nbsp;&nbsp; &nbsp;&nbsp;&nbsp;&nbsp;&nbsp;&nbsp;&nbsp;&nbsp; &nbsp;&nbsp;&nbsp;&nbsp;&nbsp;&nbsp;&nbsp;&nbsp; &nbsp;&nbsp;&nbsp;&nbsp;&nbsp;&nbsp;&nbsp;&nbsp; Laura Guzm\u00e1n<br>&nbsp;&nbsp;&nbsp;&nbsp;&nbsp;&nbsp;&nbsp;&nbsp; &nbsp;&nbsp;&nbsp;&nbsp;&nbsp;&nbsp;&nbsp;&nbsp; &nbsp;&nbsp;&nbsp;&nbsp;&nbsp;&nbsp;&nbsp;&nbsp; &nbsp;&nbsp;&nbsp;&nbsp;&nbsp;&nbsp;&nbsp;&nbsp; Preciosa<br>&nbsp;&nbsp;&nbsp;&nbsp;&nbsp;&nbsp;&nbsp;&nbsp; &nbsp;&nbsp;&nbsp;&nbsp;&nbsp;&nbsp;&nbsp;&nbsp; &nbsp;&nbsp;&nbsp;&nbsp;&nbsp;&nbsp;&nbsp;&nbsp; &nbsp;&nbsp;&nbsp;&nbsp;&nbsp;&nbsp;&nbsp;&nbsp; Tanahir\u00ed<br>&nbsp;&nbsp;&nbsp;&nbsp;&nbsp;&nbsp;&nbsp;&nbsp; &nbsp;&nbsp;&nbsp;&nbsp;&nbsp;&nbsp;&nbsp;&nbsp; &nbsp;&nbsp;&nbsp;&nbsp;&nbsp;&nbsp;&nbsp;&nbsp; &nbsp;&nbsp;&nbsp;&nbsp;&nbsp;&nbsp;&nbsp;&nbsp; Tormento<br>&nbsp;&nbsp;&nbsp;&nbsp;&nbsp;&nbsp;&nbsp;&nbsp; &nbsp;&nbsp;&nbsp;&nbsp;&nbsp;&nbsp;&nbsp;&nbsp; &nbsp;&nbsp;&nbsp;&nbsp;&nbsp;&nbsp;&nbsp;&nbsp; &nbsp;&nbsp;&nbsp;&nbsp;&nbsp;&nbsp;&nbsp;&nbsp; Las Blancas Columnas del P\u00f3rtico<br>&nbsp;&nbsp;&nbsp;&nbsp;&nbsp;&nbsp;&nbsp;&nbsp; &nbsp;&nbsp;&nbsp;&nbsp;&nbsp;&nbsp;&nbsp;&nbsp; &nbsp;&nbsp;&nbsp;&nbsp;&nbsp;&nbsp;&nbsp;&nbsp; &nbsp;&nbsp;&nbsp;&nbsp;&nbsp;&nbsp;&nbsp;&nbsp; La Bruja de Lo\u00edza aldea<\/p>\n\n\n\n<p>&nbsp;&nbsp;&nbsp;&nbsp;&nbsp;&nbsp;&nbsp;&nbsp; &nbsp;&nbsp;&nbsp;&nbsp;&nbsp;&nbsp;&nbsp;&nbsp; &nbsp;&nbsp;&nbsp;&nbsp;&nbsp;&nbsp;&nbsp;&nbsp; &nbsp;Series TV:<br>&nbsp;&nbsp;&nbsp;&nbsp;&nbsp;&nbsp;&nbsp;&nbsp; &nbsp;&nbsp;&nbsp;&nbsp;&nbsp;&nbsp;&nbsp;&nbsp; &nbsp;&nbsp;&nbsp;&nbsp;&nbsp;&nbsp;&nbsp;&nbsp; &nbsp;&nbsp;&nbsp;&nbsp;&nbsp;&nbsp;&nbsp;&nbsp; Foto Crimen<br>&nbsp;&nbsp;&nbsp;&nbsp;&nbsp;&nbsp;&nbsp;&nbsp; &nbsp;&nbsp;&nbsp;&nbsp;&nbsp;&nbsp;&nbsp;&nbsp; &nbsp;&nbsp;&nbsp;&nbsp;&nbsp;&nbsp;&nbsp;&nbsp; &nbsp;&nbsp;&nbsp;&nbsp;&nbsp;&nbsp;&nbsp;&nbsp; Capit\u00e1n Real<br>&nbsp;&nbsp;&nbsp;&nbsp;&nbsp;&nbsp;&nbsp;&nbsp; &nbsp;&nbsp;&nbsp;&nbsp;&nbsp;&nbsp;&nbsp;&nbsp; &nbsp;&nbsp;&nbsp;&nbsp;&nbsp;&nbsp;&nbsp;&nbsp; &nbsp;&nbsp;&nbsp;&nbsp;&nbsp;&nbsp;&nbsp;&nbsp; En un D\u00eda<\/p>\n\n\n\n<p>&nbsp;&nbsp;&nbsp;&nbsp;&nbsp;&nbsp;&nbsp;&nbsp; &nbsp;&nbsp;&nbsp;&nbsp;&nbsp;&nbsp;&nbsp;&nbsp; Comerciales TV:<br>\u2022&nbsp;&nbsp;&nbsp;&nbsp;&nbsp;&nbsp; Samsonite luggage<br>\u2022&nbsp;&nbsp;&nbsp;&nbsp;&nbsp;&nbsp; Cigarrillos Kent<br>\u2022&nbsp;&nbsp;&nbsp;&nbsp;&nbsp;&nbsp; Channel #5<br>\u2022&nbsp;&nbsp;&nbsp;&nbsp;&nbsp;&nbsp; Buena Fortuna \u2013 Jab\u00f3n Dove En italiano.&nbsp; Personaje y locuci\u00f3n V.O.<br>\u2022&nbsp;&nbsp;&nbsp;&nbsp;&nbsp;&nbsp; Radio Shack Don Jos\u00e9<\/p>\n\n\n\n<p>&nbsp;&nbsp;&nbsp;&nbsp;&nbsp;&nbsp;&nbsp;&nbsp; &nbsp;&nbsp;&nbsp;&nbsp;&nbsp;&nbsp;&nbsp;&nbsp; Teatro:<br>\u2022&nbsp;&nbsp;&nbsp;&nbsp;&nbsp;&nbsp; Zarzuela Los Gavilanes Hermano de Juan el Indiano<br>\u2022&nbsp;&nbsp;&nbsp;&nbsp;&nbsp;&nbsp; El Burgu\u00e9s Gentilhombre<br>\u2022&nbsp;&nbsp;&nbsp;&nbsp;&nbsp;&nbsp; Yepeto<br>\u2022&nbsp;&nbsp;&nbsp;&nbsp;&nbsp;&nbsp; La Vida es Sue\u00f1o<br>\u2022&nbsp;&nbsp;&nbsp;&nbsp;&nbsp;&nbsp; La Carreta<br>\u2022&nbsp;&nbsp;&nbsp;&nbsp;&nbsp;&nbsp; Los F\u00edsicos<br>\u2022&nbsp;&nbsp;&nbsp;&nbsp;&nbsp;&nbsp; El Grande de Coca Cola<br>\u2022&nbsp;&nbsp;&nbsp;&nbsp;&nbsp;&nbsp; Zeus<br>\u2022&nbsp;&nbsp;&nbsp;&nbsp;&nbsp;&nbsp; Al Final de la Calle<br><br>&nbsp;&nbsp;&nbsp;&nbsp;&nbsp;&nbsp;&nbsp;&nbsp; &nbsp;&nbsp;&nbsp;&nbsp;&nbsp;&nbsp;&nbsp;&nbsp; Cine:<br>\u2022&nbsp;&nbsp;&nbsp;&nbsp;&nbsp;&nbsp; Aquelarre<br>\u2022&nbsp;&nbsp;&nbsp;&nbsp;&nbsp;&nbsp; El Cimarr\u00f3n<br>\u2022&nbsp;&nbsp;&nbsp;&nbsp;&nbsp;&nbsp; Ladrones y Mentirosos<br>\u2022&nbsp;&nbsp;&nbsp;&nbsp;&nbsp;&nbsp; Dios los Cr\u00eda (Parte II)<\/p>\n\n\n\n<p>\u2022&nbsp;&nbsp;&nbsp;&nbsp;&nbsp;&nbsp; Pal\u00e9s, Rese\u00f1a de una Vida \u00datil<br>\u2022&nbsp;&nbsp;&nbsp;&nbsp;&nbsp;&nbsp; Atrapados<br>\u2022&nbsp;&nbsp;&nbsp;&nbsp;&nbsp;&nbsp; Mas all\u00e1 del Capitolio<br>\u2022&nbsp;&nbsp;&nbsp;&nbsp;&nbsp;&nbsp; El Cuento del Gallo Pel\u00f3n<br>\u2022&nbsp;&nbsp;&nbsp;&nbsp;&nbsp;&nbsp; Tres Vidas en el Recuerdo<\/p>\n\n\n\n<p>Profesor de:<br>\u2022&nbsp;&nbsp;&nbsp;&nbsp;&nbsp;&nbsp; Locuci\u00f3n &#8211; Radio Universidad de Puerto Rico<br>\u2022&nbsp;&nbsp;&nbsp;&nbsp;&nbsp;&nbsp; Cinematograf\u00eda \u2013 Universidad del Turabo<\/p>\n","protected":false},"excerpt":{"rendered":"<p>CURRICULUM VITAE Nombre:&nbsp;&nbsp;&nbsp;&nbsp;&nbsp;&nbsp;&nbsp;&nbsp;&nbsp;&nbsp;&nbsp;&nbsp;&nbsp;&nbsp;&nbsp;&nbsp;&nbsp;&nbsp;&nbsp;&nbsp;&nbsp;&nbsp;&nbsp;&nbsp;&nbsp;Julio Torresoto&nbsp;&nbsp;&nbsp;&nbsp;&nbsp;&nbsp;&nbsp;&nbsp;&nbsp;&nbsp;&nbsp;&nbsp;&nbsp;&nbsp;&nbsp;&nbsp;&nbsp;&nbsp;&nbsp;&nbsp;&nbsp;&nbsp;&nbsp;&nbsp;&nbsp;&nbsp;&nbsp;&nbsp;&nbsp;&nbsp;&nbsp;&nbsp;&nbsp;&nbsp;&nbsp;&nbsp;&nbsp;&nbsp;&nbsp;&nbsp;&nbsp;&nbsp; Actor y Locutor&nbsp;&nbsp;&nbsp;&nbsp;&nbsp;&nbsp;&nbsp;&nbsp;&nbsp;&nbsp;&nbsp;&nbsp;&nbsp;&nbsp;&nbsp;&nbsp;&nbsp;&nbsp;&nbsp;&nbsp;&nbsp;&nbsp;&nbsp;&nbsp;&nbsp;&nbsp;&nbsp;&nbsp;&nbsp;&nbsp;&nbsp;&nbsp;&nbsp;&nbsp;&nbsp;&nbsp;&nbsp;&nbsp;&nbsp;&nbsp;&nbsp;&nbsp; ProdPuctor y guionista&nbsp;&nbsp;&nbsp;&nbsp;&nbsp;&nbsp;&nbsp;&nbsp;&nbsp;&nbsp;&nbsp;&nbsp;&nbsp;&nbsp;&nbsp;&nbsp;&nbsp;&nbsp;&nbsp;&nbsp;&nbsp;&nbsp;&nbsp;&nbsp;&nbsp;&nbsp;&nbsp;&nbsp;&nbsp;&nbsp;&nbsp;&nbsp;&nbsp;&nbsp;&nbsp;&nbsp;&nbsp;&nbsp;&nbsp;&nbsp;&nbsp;&nbsp; Profesor de multimedios Direcci\u00f3n Postal: \u00a0\u00a0\u00a0\u00a0\u00a0\u00a0\u00a0\u00a0 \u00a0\u00a0\u00a0\u00a0\u00a0\u00a0\u00a0\u00a0\u00a0\u00a0\u00a0\u00a0\u00a0\u00a0\u00a0\u00a0\u00a0\u00a0\u00a0\u00a0\u00a0\u00a0\u00a0\u00a0\u00a0\u00a0\u00a0\u00a0 Tel\u00e9fonos:7448 NW 17th Dr \u00a0\u00a0\u00a0\u00a0\u00a0\u00a0\u00a0\u00a0\u00a0\u00a0\u00a0\u00a0\u00a0\u00a0\u00a0\u00a0\u00a0\u00a0\u00a0\u00a0\u00a0\u00a0\u00a0\u00a0 \u00a0\u00a0\u00a0\u00a0\u00a0\u00a0\u00a0\u00a0\u00a0\u00a0\u00a0\u00a0\u00a0 (786) 422-2442Hollywood, Fl.33024-1002\u00a0 Correo electr\u00f3nico:&nbsp; &nbsp;&nbsp;&nbsp; jutorresoto@gmail.com PREMIOS: 1970&nbsp; &nbsp;&nbsp;&nbsp;&nbsp;&nbsp; Mejor programa de Servicio P\u00fablico en Estados Unidos:&nbsp;&nbsp;&nbsp;&nbsp;&nbsp;&nbsp;&nbsp; &nbsp;&nbsp;&nbsp;&nbsp;&nbsp;&nbsp;&nbsp;&nbsp; Que tal, amigos.&nbsp; Corporation for Public Broadcasting,&nbsp;&nbsp;&nbsp;&nbsp;&nbsp;&nbsp;&nbsp;&nbsp; &nbsp;&nbsp;&nbsp;&nbsp;&nbsp;&nbsp;&nbsp;&nbsp; Washington, DC 1981&nbsp; &nbsp;&nbsp;&nbsp;&nbsp;&nbsp; Regres\u00e9.&nbsp; &hellip; <a href=\"https:\/\/juliotorresoto.com\/?page_id=110\" class=\"more-link\">Continue reading <span class=\"screen-reader-text\">Curriculum Vitae<\/span> <span class=\"meta-nav\">&rarr;<\/span><\/a><\/p>\n","protected":false},"author":1,"featured_media":0,"parent":0,"menu_order":0,"comment_status":"closed","ping_status":"closed","template":"","meta":{"footnotes":""},"class_list":["post-110","page","type-page","status-publish","hentry"],"_links":{"self":[{"href":"https:\/\/juliotorresoto.com\/index.php?rest_route=\/wp\/v2\/pages\/110","targetHints":{"allow":["GET"]}}],"collection":[{"href":"https:\/\/juliotorresoto.com\/index.php?rest_route=\/wp\/v2\/pages"}],"about":[{"href":"https:\/\/juliotorresoto.com\/index.php?rest_route=\/wp\/v2\/types\/page"}],"author":[{"embeddable":true,"href":"https:\/\/juliotorresoto.com\/index.php?rest_route=\/wp\/v2\/users\/1"}],"replies":[{"embeddable":true,"href":"https:\/\/juliotorresoto.com\/index.php?rest_route=%2Fwp%2Fv2%2Fcomments&post=110"}],"version-history":[{"count":31,"href":"https:\/\/juliotorresoto.com\/index.php?rest_route=\/wp\/v2\/pages\/110\/revisions"}],"predecessor-version":[{"id":257,"href":"https:\/\/juliotorresoto.com\/index.php?rest_route=\/wp\/v2\/pages\/110\/revisions\/257"}],"wp:attachment":[{"href":"https:\/\/juliotorresoto.com\/index.php?rest_route=%2Fwp%2Fv2%2Fmedia&parent=110"}],"curies":[{"name":"wp","href":"https:\/\/api.w.org\/{rel}","templated":true}]}}